{"id":9912,"date":"2025-11-06T17:11:28","date_gmt":"2025-11-06T14:11:28","guid":{"rendered":"https:\/\/plustech.net.tr\/?post_type=product&#038;p=9912"},"modified":"2025-11-13T04:05:32","modified_gmt":"2025-11-13T01:05:32","slug":"pt90ae4800-dortlu-dagitici-ventil-knorr-bremse-ref-ae4800","status":"publish","type":"product","link":"https:\/\/plustech.net.tr\/index.php\/urun\/pt90ae4800-dortlu-dagitici-ventil-knorr-bremse-ref-ae4800\/","title":{"rendered":"PT90AE4800 D\u00d6RTL\u00dc DA\u011eITICI VENT\u0130L KNORR-BREMSE REF AE4800"},"content":{"rendered":"","protected":false},"excerpt":{"rendered":"<table style=\"height: 226px;\" width=\"252\">\n<tbody>\n<tr>\n<td width=\"106\">Plustech Referans<\/td>\n<td width=\"81\">PT90AE4800<\/td>\n<\/tr>\n<tr>\n<td width=\"106\">Marka<\/td>\n<td width=\"81\">\n<div class=\"col-sm-6\">\n<div class=\"col-sm-6 text-gray-bold\">MERCEDES<\/div>\n<\/div>\n<\/td>\n<\/tr>\n<tr>\n<td width=\"106\">Knorr-Bremse Referans<\/td>\n<td width=\"81\">AE4800<\/td>\n<\/tr>\n<tr>\n<td width=\"106\">OEM No<\/td>\n<td width=\"81\">\n<div class=\"col-sm-6\">\n<div class=\"col-sm-6\"><\/div>\n<\/div>\n<\/td>\n<\/tr>\n<tr>\n<td width=\"106\">OEM No<\/td>\n<td width=\"81\"><\/td>\n<\/tr>\n<tr>\n<td width=\"106\">A\u00e7\u0131klama<\/td>\n<td width=\"81\">D\u00f6rtl\u00fc Da\u011f\u0131t\u0131c\u0131 Ventil<\/td>\n<\/tr>\n<\/tbody>\n<\/table>\n","protected":false},"featured_media":9913,"template":"","meta":[],"product_cat":[69],"product_tag":[],"class_list":{"0":"post-9912","1":"product","2":"type-product","3":"status-publish","4":"has-post-thumbnail","6":"product_cat-air-brake-valves","8":"first","9":"instock","10":"shipping-taxable","11":"product-type-simple"},"_links":{"self":[{"href":"https:\/\/plustech.net.tr\/index.php\/wp-json\/wp\/v2\/product\/9912","targetHints":{"allow":["GET"]}}],"collection":[{"href":"https:\/\/plustech.net.tr\/index.php\/wp-json\/wp\/v2\/product"}],"about":[{"href":"https:\/\/plustech.net.tr\/index.php\/wp-json\/wp\/v2\/types\/product"}],"wp:featuredmedia":[{"embeddable":true,"href":"https:\/\/plustech.net.tr\/index.php\/wp-json\/wp\/v2\/media\/9913"}],"wp:attachment":[{"href":"https:\/\/plustech.net.tr\/index.php\/wp-json\/wp\/v2\/media?parent=9912"}],"wp:term":[{"taxonomy":"product_cat","embeddable":true,"href":"https:\/\/plustech.net.tr\/index.php\/wp-json\/wp\/v2\/product_cat?post=9912"},{"taxonomy":"product_tag","embeddable":true,"href":"https:\/\/plustech.net.tr\/index.php\/wp-json\/wp\/v2\/product_tag?post=9912"}],"curies":[{"name":"wp","href":"https:\/\/api.w.org\/{rel}","templated":true}]}}