{"id":9876,"date":"2025-11-06T13:11:12","date_gmt":"2025-11-06T10:11:12","guid":{"rendered":"https:\/\/plustech.net.tr\/?post_type=product&#038;p=9876"},"modified":"2025-11-13T04:10:24","modified_gmt":"2025-11-13T01:10:24","slug":"pt90ac157c-basinc-sinirlama-valfi-knorr-bremse-ref-ac157c","status":"publish","type":"product","link":"https:\/\/plustech.net.tr\/index.php\/urun\/pt90ac157c-basinc-sinirlama-valfi-knorr-bremse-ref-ac157c\/","title":{"rendered":"PT90AC157C BASIN\u00c7 SINIRLAMA VALF\u0130 KNORR-BREMSE REF AC157C"},"content":{"rendered":"","protected":false},"excerpt":{"rendered":"<table style=\"height: 226px;\" width=\"252\">\n<tbody>\n<tr>\n<td width=\"106\">Plustech Referans<\/td>\n<td width=\"81\">PT90AC157C<\/td>\n<\/tr>\n<tr>\n<td width=\"106\">Marka<\/td>\n<td width=\"81\">\n<div class=\"col-sm-6\">\n<div class=\"col-sm-6 text-gray-bold\">\n<div class=\"col-sm-6 text-gray-bold\">RENAULT<\/div>\n<\/div>\n<\/div>\n<\/td>\n<\/tr>\n<tr>\n<td width=\"106\">Knorr-Bremse Referans<\/td>\n<td width=\"81\">AC157C<\/td>\n<\/tr>\n<tr>\n<td width=\"106\">Wabco Referans<\/td>\n<td width=\"81\"><\/td>\n<\/tr>\n<tr>\n<td width=\"106\">OEM No<\/td>\n<td width=\"81\">\n<div class=\"col-sm-6\"><\/div>\n<\/td>\n<\/tr>\n<tr>\n<td width=\"106\">A\u00e7\u0131klama<\/td>\n<td width=\"81\">Bas\u0131n\u00e7 S\u0131n\u0131rlama Valfi<\/td>\n<\/tr>\n<\/tbody>\n<\/table>\n","protected":false},"featured_media":9877,"template":"","meta":[],"product_cat":[69],"product_tag":[],"class_list":{"0":"post-9876","1":"product","2":"type-product","3":"status-publish","4":"has-post-thumbnail","6":"product_cat-air-brake-valves","8":"first","9":"instock","10":"shipping-taxable","11":"product-type-simple"},"_links":{"self":[{"href":"https:\/\/plustech.net.tr\/index.php\/wp-json\/wp\/v2\/product\/9876","targetHints":{"allow":["GET"]}}],"collection":[{"href":"https:\/\/plustech.net.tr\/index.php\/wp-json\/wp\/v2\/product"}],"about":[{"href":"https:\/\/plustech.net.tr\/index.php\/wp-json\/wp\/v2\/types\/product"}],"wp:featuredmedia":[{"embeddable":true,"href":"https:\/\/plustech.net.tr\/index.php\/wp-json\/wp\/v2\/media\/9877"}],"wp:attachment":[{"href":"https:\/\/plustech.net.tr\/index.php\/wp-json\/wp\/v2\/media?parent=9876"}],"wp:term":[{"taxonomy":"product_cat","embeddable":true,"href":"https:\/\/plustech.net.tr\/index.php\/wp-json\/wp\/v2\/product_cat?post=9876"},{"taxonomy":"product_tag","embeddable":true,"href":"https:\/\/plustech.net.tr\/index.php\/wp-json\/wp\/v2\/product_tag?post=9876"}],"curies":[{"name":"wp","href":"https:\/\/api.w.org\/{rel}","templated":true}]}}